{"id":735,"date":"2023-02-05T16:20:59","date_gmt":"2023-02-05T15:20:59","guid":{"rendered":"https:\/\/eltern-und-kind.org\/?page_id=735"},"modified":"2023-02-21T21:05:55","modified_gmt":"2023-02-21T20:05:55","slug":"der-weg-zum-portal","status":"publish","type":"page","link":"https:\/\/eltern-und-kind.org\/?page_id=735","title":{"rendered":"Der Weg zum Portal"},"content":{"rendered":"\t\t<div data-elementor-type=\"wp-post\" data-elementor-id=\"735\" class=\"elementor elementor-735\">\n\t\t\t\t\t\t\t\t\t<section class=\"elementor-section elementor-top-section elementor-element elementor-element-3906703 elementor-section-boxed elementor-section-height-default elementor-section-height-default\" data-id=\"3906703\" data-element_type=\"section\" data-settings=\"{&quot;background_background&quot;:&quot;classic&quot;}\">\n\t\t\t\t\t\t\t<div class=\"elementor-background-overlay\"><\/div>\n\t\t\t\t\t\t\t<div class=\"elementor-container elementor-column-gap-default\">\n\t\t\t\t\t<div class=\"elementor-column elementor-col-100 elementor-top-column elementor-element elementor-element-24c9f1f\" data-id=\"24c9f1f\" data-element_type=\"column\">\n\t\t\t<div class=\"elementor-widget-wrap elementor-element-populated\">\n\t\t\t\t\t\t\t\t<div class=\"elementor-element elementor-element-a5e247a elementor-widget elementor-widget-heading\" data-id=\"a5e247a\" data-element_type=\"widget\" data-widget_type=\"heading.default\">\n\t\t\t\t<div class=\"elementor-widget-container\">\n\t\t\t<style>\/*! elementor - v3.13.2 - 11-05-2023 *\/\n.elementor-heading-title{padding:0;margin:0;line-height:1}.elementor-widget-heading .elementor-heading-title[class*=elementor-size-]>a{color:inherit;font-size:inherit;line-height:inherit}.elementor-widget-heading .elementor-heading-title.elementor-size-small{font-size:15px}.elementor-widget-heading .elementor-heading-title.elementor-size-medium{font-size:19px}.elementor-widget-heading .elementor-heading-title.elementor-size-large{font-size:29px}.elementor-widget-heading .elementor-heading-title.elementor-size-xl{font-size:39px}.elementor-widget-heading .elementor-heading-title.elementor-size-xxl{font-size:59px}<\/style><h1 class=\"elementor-heading-title elementor-size-default\">Der Weg zu ihrem elternportal<\/h1>\t\t<\/div>\n\t\t\t\t<\/div>\n\t\t\t\t\t<\/div>\n\t\t<\/div>\n\t\t\t\t\t\t\t<\/div>\n\t\t<\/section>\n\t\t\t\t<section class=\"elementor-section elementor-top-section elementor-element elementor-element-e73573d elementor-section-boxed elementor-section-height-default elementor-section-height-default\" data-id=\"e73573d\" data-element_type=\"section\">\n\t\t\t\t\t\t<div class=\"elementor-container elementor-column-gap-default\">\n\t\t\t\t\t<div class=\"elementor-column elementor-col-100 elementor-top-column elementor-element elementor-element-79f02fc\" data-id=\"79f02fc\" data-element_type=\"column\">\n\t\t\t<div class=\"elementor-widget-wrap\">\n\t\t\t\t\t\t\t\t\t<\/div>\n\t\t<\/div>\n\t\t\t\t\t\t\t<\/div>\n\t\t<\/section>\n\t\t\t\t<section class=\"elementor-section elementor-top-section elementor-element elementor-element-e9ad078 elementor-section-boxed elementor-section-height-default elementor-section-height-default\" data-id=\"e9ad078\" data-element_type=\"section\">\n\t\t\t\t\t\t<div class=\"elementor-container elementor-column-gap-default\">\n\t\t\t\t\t<div class=\"elementor-column elementor-col-100 elementor-top-column elementor-element elementor-element-c31aab8\" data-id=\"c31aab8\" data-element_type=\"column\">\n\t\t\t<div class=\"elementor-widget-wrap elementor-element-populated\">\n\t\t\t\t\t\t\t\t<div class=\"elementor-element elementor-element-c192805 elementor-widget elementor-widget-text-editor\" data-id=\"c192805\" data-element_type=\"widget\" data-widget_type=\"text-editor.default\">\n\t\t\t\t<div class=\"elementor-widget-container\">\n\t\t\t<style>\/*! elementor - v3.13.2 - 11-05-2023 *\/\n.elementor-widget-text-editor.elementor-drop-cap-view-stacked .elementor-drop-cap{background-color:#69727d;color:#fff}.elementor-widget-text-editor.elementor-drop-cap-view-framed .elementor-drop-cap{color:#69727d;border:3px solid;background-color:transparent}.elementor-widget-text-editor:not(.elementor-drop-cap-view-default) .elementor-drop-cap{margin-top:8px}.elementor-widget-text-editor:not(.elementor-drop-cap-view-default) .elementor-drop-cap-letter{width:1em;height:1em}.elementor-widget-text-editor .elementor-drop-cap{float:left;text-align:center;line-height:1;font-size:50px}.elementor-widget-text-editor .elementor-drop-cap-letter{display:inline-block}<\/style>\t\t\t\t<p>Wenn Sie sich f\u00fcr ein kommunales Elternportal entschieden haben erfolgt, die Umsetzung in f\u00fcnf einfachen Schritten.<\/p><p>Gerne informieren wir Sie pers\u00f6nlich zu den M\u00f6glichkeiten des Elternportals und der besten Umsetzung f\u00fcr Ihre Gemeinde. Sprechen Sie uns an!<\/p>\t\t\t\t\t\t<\/div>\n\t\t\t\t<\/div>\n\t\t\t\t\t<\/div>\n\t\t<\/div>\n\t\t\t\t\t\t\t<\/div>\n\t\t<\/section>\n\t\t\t\t<section class=\"elementor-section elementor-top-section elementor-element elementor-element-0c4bd66 elementor-section-boxed elementor-section-height-default elementor-section-height-default\" data-id=\"0c4bd66\" data-element_type=\"section\">\n\t\t\t\t\t\t<div class=\"elementor-container elementor-column-gap-default\">\n\t\t\t\t\t<div class=\"elementor-column elementor-col-50 elementor-top-column elementor-element elementor-element-109300c\" data-id=\"109300c\" data-element_type=\"column\">\n\t\t\t<div class=\"elementor-widget-wrap elementor-element-populated\">\n\t\t\t\t\t\t\t\t<div class=\"elementor-element elementor-element-2a1610d elementor-widget elementor-widget-text-editor\" data-id=\"2a1610d\" data-element_type=\"widget\" data-widget_type=\"text-editor.default\">\n\t\t\t\t<div class=\"elementor-widget-container\">\n\t\t\t\t\t\t\t<ol><li><span style=\"font-style: inherit; font-weight: inherit; background-color: var(--ast-global-color-4); color: var(--ast-global-color-3);\">Wir schlie\u00dfen einen Kooperationsvertrag, der die weitere Zusammenarbeit regelt<\/span><\/li><li>Gemeinsam stellen wir die Finanzierung des Portals sicher und suchen, falls gew\u00fcnscht, nach geeigneten lokalen Sponsoren<\/li><li>Sie erhalten einen Fragenkatalog mit der das Portal auf Ihre Gemeinde angepasst wird. Dies umfasst z.B. Informationen zu Spielpl\u00e4tzen, Kinderg\u00e4rten, Kirchengemeinden, aber auch Dinge wie das Wappen und ein Gru\u00dfwort Ihrer Gemeinde. Zudem legen Sie fest, ob die Nutzer des Portals auch direkt mit Ansprechpartnern Ihrer Gemeinde per Chat kommunizieren sollen (z.B. bei Fragen zu Kinderg\u00e4rtenpl\u00e4tzen, etc.)<\/li><li>Wir bauen Ihr Elternportal mit Ihren Daten auf<\/li><li>Nutzer k\u00f6nnen das Portal nutzen, sich registrieren oder zur Geburt eines Kindes datenschutzkonform eingeladen werden.<\/li><\/ol>\t\t\t\t\t\t<\/div>\n\t\t\t\t<\/div>\n\t\t\t\t\t<\/div>\n\t\t<\/div>\n\t\t\t\t<div class=\"elementor-column elementor-col-50 elementor-top-column elementor-element elementor-element-072e2a9\" data-id=\"072e2a9\" data-element_type=\"column\">\n\t\t\t<div class=\"elementor-widget-wrap elementor-element-populated\">\n\t\t\t\t\t\t\t\t<div class=\"elementor-element elementor-element-830a118 elementor-widget elementor-widget-image\" data-id=\"830a118\" data-element_type=\"widget\" data-widget_type=\"image.default\">\n\t\t\t\t<div class=\"elementor-widget-container\">\n\t\t\t<style>\/*! elementor - v3.13.2 - 11-05-2023 *\/\n.elementor-widget-image{text-align:center}.elementor-widget-image a{display:inline-block}.elementor-widget-image a img[src$=\".svg\"]{width:48px}.elementor-widget-image img{vertical-align:middle;display:inline-block}<\/style>\t\t\t\t\t\t\t\t\t\t\t\t<img decoding=\"async\" width=\"1024\" height=\"768\" src=\"https:\/\/eltern-und-kind.org\/wp-content\/uploads\/2023\/02\/Weg-zum-Elternportal.gif\" class=\"attachment-large size-large wp-image-738\" alt=\"\" loading=\"lazy\" \/>\t\t\t\t\t\t\t\t\t\t\t\t\t\t\t<\/div>\n\t\t\t\t<\/div>\n\t\t\t\t\t<\/div>\n\t\t<\/div>\n\t\t\t\t\t\t\t<\/div>\n\t\t<\/section>\n\t\t\t\t\t\t\t<\/div>\n\t\t","protected":false},"excerpt":{"rendered":"<p>Der Weg zu ihrem elternportal Wenn Sie sich f\u00fcr ein kommunales Elternportal entschieden haben erfolgt, die Umsetzung in f\u00fcnf einfachen Schritten. Gerne informieren wir Sie pers\u00f6nlich zu den M\u00f6glichkeiten des Elternportals und der besten Umsetzung f\u00fcr Ihre Gemeinde. Sprechen Sie uns an! Wir schlie\u00dfen einen Kooperationsvertrag, der die weitere Zusammenarbeit regelt Gemeinsam stellen wir die &hellip;<\/p>\n<p class=\"read-more\"> <a class=\"\" href=\"https:\/\/eltern-und-kind.org\/?page_id=735\"> <span class=\"screen-reader-text\">Der Weg zum Portal<\/span> Weiterlesen &raquo;<\/a><\/p>\n","protected":false},"author":1,"featured_media":0,"parent":0,"menu_order":0,"comment_status":"closed","ping_status":"closed","template":"","meta":{"site-sidebar-layout":"no-sidebar","site-content-layout":"page-builder","ast-global-header-display":"","ast-main-header-display":"","ast-hfb-above-header-display":"","ast-hfb-below-header-display":"","ast-hfb-mobile-header-display":"","site-post-title":"disabled","ast-breadcrumbs-content":"","ast-featured-img":"disabled","footer-sml-layout":"","theme-transparent-header-meta":"enabled","adv-header-id-meta":"","stick-header-meta":"","header-above-stick-meta":"","header-main-stick-meta":"","header-below-stick-meta":""},"_links":{"self":[{"href":"https:\/\/eltern-und-kind.org\/index.php?rest_route=\/wp\/v2\/pages\/735"}],"collection":[{"href":"https:\/\/eltern-und-kind.org\/index.php?rest_route=\/wp\/v2\/pages"}],"about":[{"href":"https:\/\/eltern-und-kind.org\/index.php?rest_route=\/wp\/v2\/types\/page"}],"author":[{"embeddable":true,"href":"https:\/\/eltern-und-kind.org\/index.php?rest_route=\/wp\/v2\/users\/1"}],"replies":[{"embeddable":true,"href":"https:\/\/eltern-und-kind.org\/index.php?rest_route=%2Fwp%2Fv2%2Fcomments&post=735"}],"version-history":[{"count":17,"href":"https:\/\/eltern-und-kind.org\/index.php?rest_route=\/wp\/v2\/pages\/735\/revisions"}],"predecessor-version":[{"id":835,"href":"https:\/\/eltern-und-kind.org\/index.php?rest_route=\/wp\/v2\/pages\/735\/revisions\/835"}],"wp:attachment":[{"href":"https:\/\/eltern-und-kind.org\/index.php?rest_route=%2Fwp%2Fv2%2Fmedia&parent=735"}],"curies":[{"name":"wp","href":"https:\/\/api.w.org\/{rel}","templated":true}]}}